{"id":12485,"date":"2022-11-16T13:59:15","date_gmt":"2022-11-16T13:59:15","guid":{"rendered":"https:\/\/msdprelekarov.sk\/edu\/?page_id=12485"},"modified":"2026-02-09T13:05:16","modified_gmt":"2026-02-09T13:05:16","slug":"msdprelekarov-sk-domov","status":"publish","type":"page","link":"https:\/\/msdprelekarov.sk\/edu\/msdprelekarov-sk-domov\/","title":{"rendered":"MSDprelek\u00e1rov.sk Domov"},"content":{"rendered":"\n<div         class=\"mhh-mcn-v1-banner mhh-mcn-v1-banner--3bdfa9dbd176eb3a6f1f94b4ce7e179c\"\n>\n    <figure class=\"mhh-mcn-v1-banner__image mhh-mcn-v1-image mhh-mcn-v1-image--ee40fceb67b0c406249bb1e415f41cfd\">\n                    <img loading=\"lazy\" decoding=\"async\"\n        class=\"mhh-mcn-image mhh-mcn-image--2048x2048 wp-image-11630\"\n        src=\"https:\/\/msdprelekarov.sk\/edu\/wp-content\/uploads\/sites\/87\/2022\/10\/hero_digital-innovation-teal_hi_300dpi.jpg?w=2048&#038;quality=80&#038;lossy=1\"\n        width=\"2048\"\n        height=\"1152\"\n                alt=\"\"\n            \/>\n            <\/figure>\n    <div class=\"mhh-mcn-v1-banner__content-container-wrap\">\n        \n\n<div class=\"mhh-mcn-v1-banner-content mhh-mcn-v1-banner-content--7489b127f3cf8939029db6c51d1a9601\">\n    \n\n<h2 class=\"wp-block-heading mhh-mcn-v1-banner-content__headline has-black-color has-text-color  mhh-mcn-v1-heading mhh-mcn-v1-heading--ed88b405e6a4b0fc4f72f6b3c76c64a2\">Vitajte v eduka\u010dnej sekcii str\u00e1nky <strong>MSDprelek\u00e1rov.sk<\/strong>!<\/h2>\n\n\n\n<p class=\"mhh-mcn-v1-banner-content__summary has-black-color has-text-color   mhh-mcn-v1-paragraph mhh-mcn-v1-paragraph--c4cd8d10a16c9cc411e32976886a3356\">Tento port\u00e1l sp\u00e1ja zdravotn\u00edckych profesion\u00e1lov s odborn\u00edkmi z cel\u00e9ho sveta a poskytuje priamy pr\u00edstup k \u0161pecializovan\u00e9mu obsahu z viacer\u00fdch oblast\u00ed, \u010di u\u017e zo v\u0161eobecnej medic\u00edny, ale aj \u0161pecializovan\u00fdch oblast\u00ed ako onkol\u00f3gia, infektol\u00f3gia, pediatria a mnoh\u00e9 \u010fal\u0161ie&#8230;<br><br><strong>Na port\u00e1li n\u00e1jdete:<\/strong><br>\u00b7&nbsp;&nbsp;&nbsp;&nbsp;&nbsp;&nbsp; Najnov\u0161ie poznatky z&nbsp;oblasti v\u00fdskumu, vedy a medic\u00edny<br>\u00b7&nbsp;&nbsp;&nbsp;&nbsp;&nbsp;&nbsp; \u0160pecializovan\u00e9 webin\u00e1re a&nbsp;z\u00e1znamy z podujat\u00ed<\/p>\n\n\n\n<\/div>\n\n    <\/div>\n<\/div>\n\n\n<div\n    class=\"mhh-mcn-v1-content-items mhh-mcn-v1-content-items--dd8716634902c3d722e6a4442b031347 wp-block-mconnect-theme-curated-content mhh-mcn-layout--pullout mhh-mcn-has-featured\">\n            <div\n    class=\"mhh-mcn-v1-content-item mhh-mcn-v1-content-item--b7f5d74d4f329bee1194d615e1b71535 mhh-mcn-v1-content-item--card-style mhh-mcn-v1-content-item--display-media-style mhh-mcn-v1-content-item--has-featured-image\">\n    <div class=\"mhh-mcn-v1-content-item-featured-image\">\n    <figure class=\"mhh-mcn-v1-image mhh-mcn-v1-image--c053fd9f7d0d5868165329815fa30470 with-aspect-ratio with-aspect-ratio--content-grid\">\n    <div class=\"figure-outer\">\n    <div class=\"figure-inner\">\n                            <img decoding=\"async\"\n        class=\"mhh-mcn-image mhh-mcn-image--2048x2048 wp-image-11662\"\n        src=\"https:\/\/msdprelekarov.sk\/edu\/wp-content\/uploads\/sites\/87\/2022\/10\/hero_data-financial-blue_lo_96dpi.jpg?w=1280&#038;quality=80&#038;lossy=1\"\n        width=\"1280\"\n        height=\"720\"\n        loading=\"lazy\"        alt=\"\"\n            \/>\n                <\/div>\n    <\/div>\n    <\/figure>\n<\/div>\n\n<article class=\"mhh-mcn-v1-content-item-content\">\n    <section class=\"mhh-mcn-v1-content-item-content-body\">\n        \n<span class=\"mhh-mcn-v1-content-item-primary-tag mhh-mcn-v1-content-item-primary-tag--c06ec76831703497d2b89abb588910eb\" title=\"T\u00e1to polo\u017eka bola ozna\u010den\u00e1 ako: Eduk\u00e1cia\">\n    Eduk\u00e1cia<\/span>\n        <header class=\"mhh-mcn-v1-content-item-header\">\n    \n    <span class=\"mhh-mcn-v1-content-item-icon-type\">\n    <span class=\"mhh-mcn-v1-content-item-icon-type__icon\">\n    \n<svg width=\"1em\" height=\"1em\" class=\"mh-icon mh-icon--kind-generic mh-icon--name-arrow-right mh-icon--arrow-right\" role=\"img\" aria-hidden=\"true\">\n    \n    \n    <use xlink:href=\"https:\/\/msdprelekarov.sk\/edu\/wp-content\/themes\/cex-wpvip-mhh-mconnect-theme-new-3.0\/modules\/icons\/resources\/icons\/svg\/generic\/arrow-right.svg#arrow-right\"><\/use>\n<\/svg>\n    <\/span>\n    <\/span>\n    <h2 class=\"mhh-mcn-v1-content-item-title mhh-mcn-v1-content-item-title--c06ec76831703497d2b89abb588910eb\">\n    \n    <a class=\"mhh-mcn-v1-content-item-title__link\" href=\"https:\/\/msdprelekarov.sk\/edu\/edukacny-obsah\/\" target=\"_self\">\n        Eduka\u010dn\u00fd obsah    <\/a>\n    <\/h2>\n\n    <\/header>\n\n                \n<div class=\"mhh-mcn-v1-content-item-meta mhh-mcn-badge-container\">\n    \n    \n    <\/div>\n    <\/section>\n    <div class=\"mhh-mcn-v1-content-item-footer\">\n    \n    <div class=\"mhh-mcn-v1-content-item-call-to-action mhh-mcn-v1-content-item-call-to-action--c06ec76831703497d2b89abb588910eb\">\n    Zistite viac&#8230;<\/div>\n\n    <\/div>\n<\/article>\n<\/div>\n<div\n    class=\"mhh-mcn-v1-content-item mhh-mcn-v1-content-item--7be39d348b863889d2f32afa4aa38b34 mhh-mcn-v1-content-item--card-style mhh-mcn-v1-content-item--display-media-style mhh-mcn-v1-content-item--has-featured-image\">\n    <div class=\"mhh-mcn-v1-content-item-featured-image\">\n    <figure class=\"mhh-mcn-v1-image mhh-mcn-v1-image--466189fcf92fedd556bf166211afb184 with-aspect-ratio with-aspect-ratio--content-grid\">\n    <div class=\"figure-outer\">\n    <div class=\"figure-inner\">\n                            <img decoding=\"async\"\n        class=\"mhh-mcn-image mhh-mcn-image--2048x2048 wp-image-11664\"\n        src=\"https:\/\/msdprelekarov.sk\/edu\/wp-content\/uploads\/sites\/87\/2022\/10\/hero_leadership-teal_lo_96dpi.jpg?w=1280&#038;quality=80&#038;lossy=1\"\n        width=\"1280\"\n        height=\"720\"\n        loading=\"lazy\"        alt=\"\"\n            \/>\n                <\/div>\n    <\/div>\n    <\/figure>\n<\/div>\n\n<article class=\"mhh-mcn-v1-content-item-content\">\n    <section class=\"mhh-mcn-v1-content-item-content-body\">\n        \n<span class=\"mhh-mcn-v1-content-item-primary-tag mhh-mcn-v1-content-item-primary-tag--c06ec76831703497d2b89abb588910eb\" title=\"T\u00e1to polo\u017eka bola ozna\u010den\u00e1 ako: Podujatia\">\n    Podujatia<\/span>\n        <header class=\"mhh-mcn-v1-content-item-header\">\n    \n    <span class=\"mhh-mcn-v1-content-item-icon-type\">\n    <span class=\"mhh-mcn-v1-content-item-icon-type__icon\">\n    \n<svg width=\"1em\" height=\"1em\" class=\"mh-icon mh-icon--kind-generic mh-icon--name-arrow-right mh-icon--arrow-right\" role=\"img\" aria-hidden=\"true\">\n    \n    \n    <use xlink:href=\"https:\/\/msdprelekarov.sk\/edu\/wp-content\/themes\/cex-wpvip-mhh-mconnect-theme-new-3.0\/modules\/icons\/resources\/icons\/svg\/generic\/arrow-right.svg#arrow-right\"><\/use>\n<\/svg>\n    <\/span>\n    <\/span>\n    <h2 class=\"mhh-mcn-v1-content-item-title mhh-mcn-v1-content-item-title--c06ec76831703497d2b89abb588910eb\">\n    \n    <a class=\"mhh-mcn-v1-content-item-title__link\" href=\"https:\/\/msdprelekarov.sk\/edu\/new-draft-stranka-11426\/planovane-podujatia-a-zaznamy\/\" target=\"_self\">\n        Pl\u00e1novan\u00e9 podujatia    <\/a>\n    <\/h2>\n\n    <\/header>\n\n                \n<div class=\"mhh-mcn-v1-content-item-meta mhh-mcn-badge-container\">\n    \n    \n    <\/div>\n    <\/section>\n    <div class=\"mhh-mcn-v1-content-item-footer\">\n    \n    <div class=\"mhh-mcn-v1-content-item-call-to-action mhh-mcn-v1-content-item-call-to-action--c06ec76831703497d2b89abb588910eb\">\n    Zistite viac<\/div>\n\n    <\/div>\n<\/article>\n<\/div>\n<div\n    class=\"mhh-mcn-v1-content-item mhh-mcn-v1-content-item--c356c71f7de6a74077b36d2175bc3f13 mhh-mcn-v1-content-item--card-style mhh-mcn-v1-content-item--display-media-style mhh-mcn-v1-content-item--has-featured-image\">\n    <div class=\"mhh-mcn-v1-content-item-featured-image\">\n    <figure class=\"mhh-mcn-v1-image mhh-mcn-v1-image--6841f9cf1ff5ac2108efd5949f4b7f08 with-aspect-ratio with-aspect-ratio--content-grid\">\n    <div class=\"figure-outer\">\n    <div class=\"figure-inner\">\n                            <img decoding=\"async\"\n        class=\"mhh-mcn-image mhh-mcn-image--2048x2048 wp-image-11659\"\n        src=\"https:\/\/msdprelekarov.sk\/edu\/wp-content\/uploads\/sites\/87\/2022\/10\/hero_visionary-with-mask-white_lo_96dpi.jpg?w=1280&#038;quality=80&#038;lossy=1\"\n        width=\"1280\"\n        height=\"720\"\n        loading=\"lazy\"        alt=\"\"\n            \/>\n                <\/div>\n    <\/div>\n    <\/figure>\n<\/div>\n\n<article class=\"mhh-mcn-v1-content-item-content\">\n    <section class=\"mhh-mcn-v1-content-item-content-body\">\n        \n<span class=\"mhh-mcn-v1-content-item-primary-tag mhh-mcn-v1-content-item-primary-tag--c06ec76831703497d2b89abb588910eb\" title=\"T\u00e1to polo\u017eka bola ozna\u010den\u00e1 ako: Podujatia\">\n    Podujatia<\/span>\n        <header class=\"mhh-mcn-v1-content-item-header\">\n    \n    <span class=\"mhh-mcn-v1-content-item-icon-type\">\n    <span class=\"mhh-mcn-v1-content-item-icon-type__icon\">\n    \n<svg width=\"1em\" height=\"1em\" class=\"mh-icon mh-icon--kind-generic mh-icon--name-arrow-right mh-icon--arrow-right\" role=\"img\" aria-hidden=\"true\">\n    \n    \n    <use xlink:href=\"https:\/\/msdprelekarov.sk\/edu\/wp-content\/themes\/cex-wpvip-mhh-mconnect-theme-new-3.0\/modules\/icons\/resources\/icons\/svg\/generic\/arrow-right.svg#arrow-right\"><\/use>\n<\/svg>\n    <\/span>\n    <\/span>\n    <h2 class=\"mhh-mcn-v1-content-item-title mhh-mcn-v1-content-item-title--c06ec76831703497d2b89abb588910eb\">\n    \n    <a class=\"mhh-mcn-v1-content-item-title__link\" href=\"https:\/\/msdprelekarov.sk\/edu\/new-draft-stranka-11426\/zaznamy-z-podujati\/\" target=\"_self\">\n        Z\u00e1znamy z podujat\u00ed    <\/a>\n    <\/h2>\n\n    <\/header>\n\n                \n<div class=\"mhh-mcn-v1-content-item-meta mhh-mcn-badge-container\">\n    \n    \n    <\/div>\n    <\/section>\n    <div class=\"mhh-mcn-v1-content-item-footer\">\n    \n    <div class=\"mhh-mcn-v1-content-item-call-to-action mhh-mcn-v1-content-item-call-to-action--c06ec76831703497d2b89abb588910eb\">\n    Zistite viac<\/div>\n\n    <\/div>\n<\/article>\n<\/div>\n    \n    <\/div>\n","protected":false},"excerpt":{"rendered":"","protected":false},"author":1909,"featured_media":0,"parent":0,"menu_order":0,"comment_status":"closed","ping_status":"closed","template":"","meta":{"_mhh_sticky_footer_settings":{"entityId":0},"_mhh_sticky_footer_posts":"","_mhh_sticky_footer_expanded":false,"_mhh_mcn_text_direction":"","_mhh_mcn_language":"","_mhh_mcn_left_sidebar_settings":{"entityId":0},"_mhh_mcn_sidebar_settings":{"entityId":0},"mhh_mcn_side_navigation_style":{"fontSize":{"l":"","m":"","s":""},"lineHeight":{"l":1.5,"m":1.5,"s":1.5},"itemColor":"","hoverItemColor":"","currentItemColor":"","borderItemColor":"","backgroundItemHoverColor":"","themeColor":""},"_mhh_mcn_child_page_navigation":{"isActive":false,"isSticky":false},"toc_meta":{"toc_content":"<ol><li><ol><li><div class=\"toc-title\"><a href=\"#vitajtevedukanejsekciistrnkystrongmsdprelekrovskstrong\" data-heading-index=\"1\">Vitajte v eduka\u010dnej sekcii str\u00e1nky <strong>MSDprelek\u00e1rov.sk<\/strong>!<\/a><\/div><\/li><\/ol><\/li><\/ol>","toc_freeze":"0","toc_hide":"0","toc_header_settings":"none","toc_header_default_settings":"1","toc_header_text":"Table of Contents","toc_header_show":"0","toc_header_level":"h2","toc_title_settings":"none","toc_title_default_settings":"1","toc_title_text":"Page Contents","toc_title_show":"0"},"hide_header":false,"show_top_bar":false,"hide_footer":false,"full_width_layout":false,"icon":null,"job_code":"","primary_tag":0,"editor_notices":[],"mconnectHideShareThis":true,"footnotes":"","mconnectIsArchiveTemplate":false,"mconnectArchiveFiltersDisabled":false,"mconnectArchiveLockAllPresetFilters":false,"mconnectArchiveHidePageSubmenu":false,"mconnectArchiveShowParentPageOnly":false,"mconnectArchiveDefaultOrder":"DESC","mconnectArchiveDefaultOrderBy":"date","mconnectArchivePostsPerPage":12,"mconnectArchivePostTypes":[],"mconnectArchiveAllowFilterBy":["category","tx-content-type","tx-product","tx-pathology","tx-active-ingredient","tx-therapeutic-area"],"mconnectArchiveTaxonomyOrder":[],"mconnectArchiveFilterSorting":["is_keyword","is_date"],"mconnectArchiveContentItemStyle":{"showExcerpt":true,"showImage":true,"showIcon":false,"showPrimaryTag":true,"showBorder":false,"showDates":false,"showCta":true,"isCard":false,"hasBackground":false,"showMetadata":true},"mconnectArchiveLayout":{"type":"list","hasFeatured":false},"mconnectDynamicTaxonomyEntities":[],"mconnectArchiveTerms_category":[],"mconnectArchiveAllowTerms_category":[],"mconnectArchiveTerms_tx-content-type":[],"mconnectArchiveAllowTerms_tx-content-type":[],"mconnectArchiveTerms_tx-product":[],"mconnectArchiveAllowTerms_tx-product":[],"mconnectArchiveTerms_tx-pathology":[],"mconnectArchiveAllowTerms_tx-pathology":[],"mconnectArchiveTerms_tx-active-ingredient":[],"mconnectArchiveAllowTerms_tx-active-ingredient":[],"mconnectArchiveTerms_tx-therapeutic-area":[],"mconnectArchiveAllowTerms_tx-therapeutic-area":[],"mconnectArchiveAllowTerms_dynamic-taxonomy":[],"mconnectArchiveLegacyDefaultTermsApplied":false,"mconnectContentUpdatesPerPage":10,"mconnectContentUpdatesViewMoreUrl":"","mconnectContentUpdatesTerms_tx-content-type":[],"mconnectContentUpdatesTerms_tx-product":[],"mconnectContentUpdatesTerms_tx-pathology":[],"mconnectContentUpdatesTerms_tx-active-ingredient":[],"mconnectContentUpdatesTerms_tx-therapeutic-area":[],"mconnectContentUpdatesTerms_content-update-type":[]},"categories":[],"tags":[],"ga4_page_audience":[286],"ga4_page_birn_id":[],"ga4_page_branding":[],"ga4_page_businessunit":[],"ga4_page_campaign":[],"ga4_page_content_purpose":[311],"ga4_page_customer_journey_stage":[354],"ga4_page_customer_specialty":[424],"ga4_page_experience":[],"ga4_page_indication":[],"ga4_page_material_intent":[],"ga4_page_product":[627],"ga4_page_region":[769],"ga4_page_therapeuticarea":[],"tx-therapeutic-area":[],"tx-product":[],"tx-pathology":[],"tx-content-type":[],"tx-active-ingredient":[],"mhh-area-of-interest":[],"access":[],"user_status":[],"user_role":[],"class_list":["post-12485","page","type-page","status-publish","hentry"],"yoast_head":"<!-- This site is optimized with the Yoast SEO plugin v23.9 - https:\/\/yoast.com\/wordpress\/plugins\/seo\/ -->\n<title>MSDprelek\u00e1rov.sk Domov - Eduka\u010dn\u00fd port\u00e1l<\/title>\n<meta name=\"robots\" content=\"index, follow, max-snippet:-1, max-image-preview:large, max-video-preview:-1\" \/>\n<link rel=\"canonical\" href=\"https:\/\/msdprelekarov.sk\/edu\/msdprelekarov-sk-domov\/\" \/>\n<meta property=\"og:locale\" content=\"sk_SK\" \/>\n<meta property=\"og:type\" content=\"article\" \/>\n<meta property=\"og:title\" content=\"MSDprelek\u00e1rov.sk Domov - Eduka\u010dn\u00fd port\u00e1l\" \/>\n<meta property=\"og:url\" content=\"https:\/\/msdprelekarov.sk\/edu\/msdprelekarov-sk-domov\/\" \/>\n<meta property=\"og:site_name\" content=\"Eduka\u010dn\u00fd port\u00e1l\" \/>\n<meta property=\"article:modified_time\" content=\"2026-02-09T13:05:16+00:00\" \/>\n<meta name=\"twitter:card\" content=\"summary_large_image\" \/>\n<meta name=\"twitter:label1\" content=\"Predpokladan\u00fd \u010das \u010d\u00edtania\" \/>\n\t<meta name=\"twitter:data1\" content=\"1 min\u00fata\" \/>\n<script type=\"application\/ld+json\" class=\"yoast-schema-graph\">{\"@context\":\"https:\/\/schema.org\",\"@graph\":[{\"@type\":\"WebPage\",\"@id\":\"https:\/\/msdprelekarov.sk\/edu\/msdprelekarov-sk-domov\/\",\"url\":\"https:\/\/msdprelekarov.sk\/edu\/msdprelekarov-sk-domov\/\",\"name\":\"MSDprelek\u00e1rov.sk Domov - Eduka\u010dn\u00fd port\u00e1l\",\"isPartOf\":{\"@id\":\"https:\/\/msdprelekarov.sk\/edu\/#website\"},\"datePublished\":\"2022-11-16T13:59:15+00:00\",\"dateModified\":\"2026-02-09T13:05:16+00:00\",\"breadcrumb\":{\"@id\":\"https:\/\/msdprelekarov.sk\/edu\/msdprelekarov-sk-domov\/#breadcrumb\"},\"inLanguage\":\"sk-SK\",\"potentialAction\":[{\"@type\":\"ReadAction\",\"target\":[\"https:\/\/msdprelekarov.sk\/edu\/msdprelekarov-sk-domov\/\"]}]},{\"@type\":\"BreadcrumbList\",\"@id\":\"https:\/\/msdprelekarov.sk\/edu\/msdprelekarov-sk-domov\/#breadcrumb\",\"itemListElement\":[{\"@type\":\"ListItem\",\"position\":1,\"name\":\"Domov\",\"item\":\"https:\/\/msdprelekarov.sk\/edu\/\"},{\"@type\":\"ListItem\",\"position\":2,\"name\":\"MSDprelek\u00e1rov.sk Domov\"}]},{\"@type\":\"WebSite\",\"@id\":\"https:\/\/msdprelekarov.sk\/edu\/#website\",\"url\":\"https:\/\/msdprelekarov.sk\/edu\/\",\"name\":\"Eduka\u010dn\u00fd port\u00e1l\",\"description\":\"\",\"publisher\":{\"@id\":\"https:\/\/msdprelekarov.sk\/edu\/#organization\"},\"potentialAction\":[{\"@type\":\"SearchAction\",\"target\":{\"@type\":\"EntryPoint\",\"urlTemplate\":\"https:\/\/msdprelekarov.sk\/edu\/?s={search_term_string}\"},\"query-input\":{\"@type\":\"PropertyValueSpecification\",\"valueRequired\":true,\"valueName\":\"search_term_string\"}}],\"inLanguage\":\"sk-SK\"},{\"@type\":\"Organization\",\"@id\":\"https:\/\/msdprelekarov.sk\/edu\/#organization\",\"name\":\"Eduka\u010dn\u00fd port\u00e1l\",\"url\":\"https:\/\/msdprelekarov.sk\/edu\/\",\"logo\":{\"@type\":\"ImageObject\",\"inLanguage\":\"sk-SK\",\"@id\":\"https:\/\/msdprelekarov.sk\/edu\/#\/schema\/logo\/image\/\",\"url\":\"https:\/\/msdprelekarov.sk\/edu\/wp-content\/uploads\/sites\/87\/2026\/03\/cropped-02852_MSD_Logo_Horizontal_TealGrey_RGB-e1773821662338.png\",\"contentUrl\":\"https:\/\/msdprelekarov.sk\/edu\/wp-content\/uploads\/sites\/87\/2026\/03\/cropped-02852_MSD_Logo_Horizontal_TealGrey_RGB-e1773821662338.png\",\"width\":120,\"height\":45,\"caption\":\"Eduka\u010dn\u00fd port\u00e1l\"},\"image\":{\"@id\":\"https:\/\/msdprelekarov.sk\/edu\/#\/schema\/logo\/image\/\"}}]}<\/script>\n<!-- \/ Yoast SEO plugin. -->","yoast_head_json":{"title":"MSDprelek\u00e1rov.sk Domov - Eduka\u010dn\u00fd port\u00e1l","robots":{"index":"index","follow":"follow","max-snippet":"max-snippet:-1","max-image-preview":"max-image-preview:large","max-video-preview":"max-video-preview:-1"},"canonical":"https:\/\/msdprelekarov.sk\/edu\/msdprelekarov-sk-domov\/","og_locale":"sk_SK","og_type":"article","og_title":"MSDprelek\u00e1rov.sk Domov - Eduka\u010dn\u00fd port\u00e1l","og_url":"https:\/\/msdprelekarov.sk\/edu\/msdprelekarov-sk-domov\/","og_site_name":"Eduka\u010dn\u00fd port\u00e1l","article_modified_time":"2026-02-09T13:05:16+00:00","twitter_card":"summary_large_image","twitter_misc":{"Predpokladan\u00fd \u010das \u010d\u00edtania":"1 min\u00fata"},"schema":{"@context":"https:\/\/schema.org","@graph":[{"@type":"WebPage","@id":"https:\/\/msdprelekarov.sk\/edu\/msdprelekarov-sk-domov\/","url":"https:\/\/msdprelekarov.sk\/edu\/msdprelekarov-sk-domov\/","name":"MSDprelek\u00e1rov.sk Domov - Eduka\u010dn\u00fd port\u00e1l","isPartOf":{"@id":"https:\/\/msdprelekarov.sk\/edu\/#website"},"datePublished":"2022-11-16T13:59:15+00:00","dateModified":"2026-02-09T13:05:16+00:00","breadcrumb":{"@id":"https:\/\/msdprelekarov.sk\/edu\/msdprelekarov-sk-domov\/#breadcrumb"},"inLanguage":"sk-SK","potentialAction":[{"@type":"ReadAction","target":["https:\/\/msdprelekarov.sk\/edu\/msdprelekarov-sk-domov\/"]}]},{"@type":"BreadcrumbList","@id":"https:\/\/msdprelekarov.sk\/edu\/msdprelekarov-sk-domov\/#breadcrumb","itemListElement":[{"@type":"ListItem","position":1,"name":"Domov","item":"https:\/\/msdprelekarov.sk\/edu\/"},{"@type":"ListItem","position":2,"name":"MSDprelek\u00e1rov.sk Domov"}]},{"@type":"WebSite","@id":"https:\/\/msdprelekarov.sk\/edu\/#website","url":"https:\/\/msdprelekarov.sk\/edu\/","name":"Eduka\u010dn\u00fd port\u00e1l","description":"","publisher":{"@id":"https:\/\/msdprelekarov.sk\/edu\/#organization"},"potentialAction":[{"@type":"SearchAction","target":{"@type":"EntryPoint","urlTemplate":"https:\/\/msdprelekarov.sk\/edu\/?s={search_term_string}"},"query-input":{"@type":"PropertyValueSpecification","valueRequired":true,"valueName":"search_term_string"}}],"inLanguage":"sk-SK"},{"@type":"Organization","@id":"https:\/\/msdprelekarov.sk\/edu\/#organization","name":"Eduka\u010dn\u00fd port\u00e1l","url":"https:\/\/msdprelekarov.sk\/edu\/","logo":{"@type":"ImageObject","inLanguage":"sk-SK","@id":"https:\/\/msdprelekarov.sk\/edu\/#\/schema\/logo\/image\/","url":"https:\/\/msdprelekarov.sk\/edu\/wp-content\/uploads\/sites\/87\/2026\/03\/cropped-02852_MSD_Logo_Horizontal_TealGrey_RGB-e1773821662338.png","contentUrl":"https:\/\/msdprelekarov.sk\/edu\/wp-content\/uploads\/sites\/87\/2026\/03\/cropped-02852_MSD_Logo_Horizontal_TealGrey_RGB-e1773821662338.png","width":120,"height":45,"caption":"Eduka\u010dn\u00fd port\u00e1l"},"image":{"@id":"https:\/\/msdprelekarov.sk\/edu\/#\/schema\/logo\/image\/"}}]}},"_links":{"self":[{"href":"https:\/\/msdprelekarov.sk\/edu\/wp-json\/wp\/v2\/pages\/12485","targetHints":{"allow":["GET"]}}],"collection":[{"href":"https:\/\/msdprelekarov.sk\/edu\/wp-json\/wp\/v2\/pages"}],"about":[{"href":"https:\/\/msdprelekarov.sk\/edu\/wp-json\/wp\/v2\/types\/page"}],"author":[{"embeddable":true,"href":"https:\/\/msdprelekarov.sk\/edu\/wp-json\/wp\/v2\/users\/1909"}],"replies":[{"embeddable":true,"href":"https:\/\/msdprelekarov.sk\/edu\/wp-json\/wp\/v2\/comments?post=12485"}],"version-history":[{"count":22,"href":"https:\/\/msdprelekarov.sk\/edu\/wp-json\/wp\/v2\/pages\/12485\/revisions"}],"predecessor-version":[{"id":25380,"href":"https:\/\/msdprelekarov.sk\/edu\/wp-json\/wp\/v2\/pages\/12485\/revisions\/25380"}],"wp:attachment":[{"href":"https:\/\/msdprelekarov.sk\/edu\/wp-json\/wp\/v2\/media?parent=12485"}],"wp:term":[{"taxonomy":"category","embeddable":true,"href":"https:\/\/msdprelekarov.sk\/edu\/wp-json\/wp\/v2\/categories?post=12485"},{"taxonomy":"post_tag","embeddable":true,"href":"https:\/\/msdprelekarov.sk\/edu\/wp-json\/wp\/v2\/tags?post=12485"},{"taxonomy":"ga4_page_audience","embeddable":true,"href":"https:\/\/msdprelekarov.sk\/edu\/wp-json\/wp\/v2\/ga4_page_audience?post=12485"},{"taxonomy":"ga4_page_birn_id","embeddable":true,"href":"https:\/\/msdprelekarov.sk\/edu\/wp-json\/wp\/v2\/ga4_page_birn_id?post=12485"},{"taxonomy":"ga4_page_branding","embeddable":true,"href":"https:\/\/msdprelekarov.sk\/edu\/wp-json\/wp\/v2\/ga4_page_branding?post=12485"},{"taxonomy":"ga4_page_businessunit","embeddable":true,"href":"https:\/\/msdprelekarov.sk\/edu\/wp-json\/wp\/v2\/ga4_page_businessunit?post=12485"},{"taxonomy":"ga4_page_campaign","embeddable":true,"href":"https:\/\/msdprelekarov.sk\/edu\/wp-json\/wp\/v2\/ga4_page_campaign?post=12485"},{"taxonomy":"ga4_page_content_purpose","embeddable":true,"href":"https:\/\/msdprelekarov.sk\/edu\/wp-json\/wp\/v2\/ga4_page_content_purpose?post=12485"},{"taxonomy":"ga4_page_customer_journey_stage","embeddable":true,"href":"https:\/\/msdprelekarov.sk\/edu\/wp-json\/wp\/v2\/ga4_page_customer_journey_stage?post=12485"},{"taxonomy":"ga4_page_customer_specialty","embeddable":true,"href":"https:\/\/msdprelekarov.sk\/edu\/wp-json\/wp\/v2\/ga4_page_customer_specialty?post=12485"},{"taxonomy":"ga4_page_experience","embeddable":true,"href":"https:\/\/msdprelekarov.sk\/edu\/wp-json\/wp\/v2\/ga4_page_experience?post=12485"},{"taxonomy":"ga4_page_indication","embeddable":true,"href":"https:\/\/msdprelekarov.sk\/edu\/wp-json\/wp\/v2\/ga4_page_indication?post=12485"},{"taxonomy":"ga4_page_material_intent","embeddable":true,"href":"https:\/\/msdprelekarov.sk\/edu\/wp-json\/wp\/v2\/ga4_page_material_intent?post=12485"},{"taxonomy":"ga4_page_product","embeddable":true,"href":"https:\/\/msdprelekarov.sk\/edu\/wp-json\/wp\/v2\/ga4_page_product?post=12485"},{"taxonomy":"ga4_page_region","embeddable":true,"href":"https:\/\/msdprelekarov.sk\/edu\/wp-json\/wp\/v2\/ga4_page_region?post=12485"},{"taxonomy":"ga4_page_therapeuticarea","embeddable":true,"href":"https:\/\/msdprelekarov.sk\/edu\/wp-json\/wp\/v2\/ga4_page_therapeuticarea?post=12485"},{"taxonomy":"tx-therapeutic-area","embeddable":true,"href":"https:\/\/msdprelekarov.sk\/edu\/wp-json\/wp\/v2\/tx-therapeutic-area?post=12485"},{"taxonomy":"tx-product","embeddable":true,"href":"https:\/\/msdprelekarov.sk\/edu\/wp-json\/wp\/v2\/tx-product?post=12485"},{"taxonomy":"tx-pathology","embeddable":true,"href":"https:\/\/msdprelekarov.sk\/edu\/wp-json\/wp\/v2\/tx-pathology?post=12485"},{"taxonomy":"tx-content-type","embeddable":true,"href":"https:\/\/msdprelekarov.sk\/edu\/wp-json\/wp\/v2\/tx-content-type?post=12485"},{"taxonomy":"tx-active-ingredient","embeddable":true,"href":"https:\/\/msdprelekarov.sk\/edu\/wp-json\/wp\/v2\/tx-active-ingredient?post=12485"},{"taxonomy":"mhh-area-of-interest","embeddable":true,"href":"https:\/\/msdprelekarov.sk\/edu\/wp-json\/wp\/v2\/mhh-area-of-interest?post=12485"},{"taxonomy":"access","embeddable":true,"href":"https:\/\/msdprelekarov.sk\/edu\/wp-json\/wp\/v2\/access?post=12485"},{"taxonomy":"user_status","embeddable":true,"href":"https:\/\/msdprelekarov.sk\/edu\/wp-json\/wp\/v2\/user_status?post=12485"},{"taxonomy":"user_role","embeddable":true,"href":"https:\/\/msdprelekarov.sk\/edu\/wp-json\/wp\/v2\/user_role?post=12485"}],"curies":[{"name":"wp","href":"https:\/\/api.w.org\/{rel}","templated":true}]}}