{"id":3,"date":"2022-02-07T16:44:11","date_gmt":"2022-02-07T16:44:11","guid":{"rendered":"https:\/\/mconnect-preprod.go-vip.net\/mconnect-lite\/login\/"},"modified":"2026-02-09T17:02:15","modified_gmt":"2026-02-09T17:02:15","slug":"login","status":"publish","type":"page","link":"https:\/\/msdprelekarov.sk\/edu\/login\/","title":{"rendered":"Prihl\u00e1senie"},"content":{"rendered":"","protected":false},"excerpt":{"rendered":"","protected":false},"author":1909,"featured_media":0,"parent":0,"menu_order":13,"comment_status":"closed","ping_status":"closed","template":"","meta":{"_mhh_sticky_footer_settings":{"entityId":0},"_mhh_sticky_footer_posts":"","_mhh_sticky_footer_expanded":false,"_mhh_mcn_text_direction":"","_mhh_mcn_language":"","_mhh_mcn_left_sidebar_settings":{"entityId":0},"_mhh_mcn_sidebar_settings":{"entityId":0},"mhh_mcn_side_navigation_style":{"fontSize":{"l":"","m":"","s":""},"lineHeight":{"l":1.5,"m":1.5,"s":1.5},"itemColor":"","hoverItemColor":"","currentItemColor":"","borderItemColor":"","backgroundItemHoverColor":"","themeColor":""},"_mhh_mcn_child_page_navigation":{"isActive":false,"isSticky":false},"toc_meta":{"toc_content":"","toc_freeze":"0","toc_hide":"0","toc_header_settings":"none","toc_header_default_settings":"1","toc_header_text":"Table of Contents","toc_header_show":"0","toc_header_level":"h2","toc_title_settings":"none","toc_title_default_settings":"1","toc_title_text":"Page Contents","toc_title_show":"0"},"hide_header":false,"show_top_bar":false,"hide_footer":true,"full_width_layout":false,"icon":null,"job_code":"","primary_tag":0,"editor_notices":[],"mconnectHideShareThis":false,"footnotes":"","mconnectIsArchiveTemplate":false,"mconnectArchiveFiltersDisabled":false,"mconnectArchiveLockAllPresetFilters":false,"mconnectArchiveHidePageSubmenu":false,"mconnectArchiveShowParentPageOnly":false,"mconnectArchiveDefaultOrder":"DESC","mconnectArchiveDefaultOrderBy":"date","mconnectArchivePostsPerPage":12,"mconnectArchivePostTypes":[],"mconnectArchiveAllowFilterBy":["category","tx-content-type","tx-product","tx-pathology","tx-active-ingredient","tx-therapeutic-area"],"mconnectArchiveTaxonomyOrder":[],"mconnectArchiveFilterSorting":["is_keyword","is_date"],"mconnectArchiveContentItemStyle":{"showExcerpt":true,"showImage":true,"showIcon":false,"showPrimaryTag":true,"showBorder":false,"showDates":false,"showCta":true,"isCard":false,"hasBackground":false,"showMetadata":true},"mconnectArchiveLayout":{"type":"list","hasFeatured":false},"mconnectDynamicTaxonomyEntities":[],"mconnectArchiveTerms_category":[],"mconnectArchiveAllowTerms_category":[],"mconnectArchiveTerms_tx-content-type":[],"mconnectArchiveAllowTerms_tx-content-type":[],"mconnectArchiveTerms_tx-product":[],"mconnectArchiveAllowTerms_tx-product":[],"mconnectArchiveTerms_tx-pathology":[],"mconnectArchiveAllowTerms_tx-pathology":[],"mconnectArchiveTerms_tx-active-ingredient":[],"mconnectArchiveAllowTerms_tx-active-ingredient":[],"mconnectArchiveTerms_tx-therapeutic-area":[],"mconnectArchiveAllowTerms_tx-therapeutic-area":[],"mconnectArchiveAllowTerms_dynamic-taxonomy":[],"mconnectArchiveLegacyDefaultTermsApplied":false,"mconnectContentUpdatesPerPage":10,"mconnectContentUpdatesViewMoreUrl":"","mconnectContentUpdatesTerms_tx-content-type":[],"mconnectContentUpdatesTerms_tx-product":[],"mconnectContentUpdatesTerms_tx-pathology":[],"mconnectContentUpdatesTerms_tx-active-ingredient":[],"mconnectContentUpdatesTerms_tx-therapeutic-area":[],"mconnectContentUpdatesTerms_content-update-type":[]},"categories":[1],"tags":[],"ga4_page_audience":[287],"ga4_page_birn_id":[],"ga4_page_branding":[],"ga4_page_businessunit":[],"ga4_page_campaign":[],"ga4_page_content_purpose":[346],"ga4_page_customer_journey_stage":[359],"ga4_page_customer_specialty":[424],"ga4_page_experience":[],"ga4_page_indication":[],"ga4_page_material_intent":[],"ga4_page_product":[637],"ga4_page_region":[769],"ga4_page_therapeuticarea":[],"tx-therapeutic-area":[],"tx-product":[],"tx-pathology":[],"tx-content-type":[],"tx-active-ingredient":[],"mhh-area-of-interest":[227],"access":[],"user_status":[],"user_role":[],"class_list":["post-3","page","type-page","status-publish","hentry","category-uncategorized","mhh-area-of-interest-other"],"yoast_head":"<!-- This site is optimized with the Yoast SEO plugin v23.9 - https:\/\/yoast.com\/wordpress\/plugins\/seo\/ -->\n<title>Prihl\u00e1senie - Eduka\u010dn\u00fd port\u00e1l<\/title>\n<meta name=\"robots\" content=\"index, follow, max-snippet:-1, max-image-preview:large, max-video-preview:-1\" \/>\n<link rel=\"canonical\" href=\"https:\/\/msdprelekarov.sk\/edu\/login\/\" \/>\n<meta property=\"og:locale\" content=\"sk_SK\" \/>\n<meta property=\"og:type\" content=\"article\" \/>\n<meta property=\"og:title\" content=\"Prihl\u00e1senie - Eduka\u010dn\u00fd port\u00e1l\" \/>\n<meta property=\"og:url\" content=\"https:\/\/msdprelekarov.sk\/edu\/login\/\" \/>\n<meta property=\"og:site_name\" content=\"Eduka\u010dn\u00fd port\u00e1l\" \/>\n<meta property=\"article:modified_time\" content=\"2026-02-09T17:02:15+00:00\" \/>\n<meta name=\"twitter:card\" content=\"summary_large_image\" \/>\n<script type=\"application\/ld+json\" class=\"yoast-schema-graph\">{\"@context\":\"https:\/\/schema.org\",\"@graph\":[{\"@type\":\"WebPage\",\"@id\":\"https:\/\/msdprelekarov.sk\/edu\/login\/\",\"url\":\"https:\/\/msdprelekarov.sk\/edu\/login\/\",\"name\":\"Prihl\u00e1senie - Eduka\u010dn\u00fd port\u00e1l\",\"isPartOf\":{\"@id\":\"https:\/\/msdprelekarov.sk\/edu\/#website\"},\"datePublished\":\"2022-02-07T16:44:11+00:00\",\"dateModified\":\"2026-02-09T17:02:15+00:00\",\"breadcrumb\":{\"@id\":\"https:\/\/msdprelekarov.sk\/edu\/login\/#breadcrumb\"},\"inLanguage\":\"sk-SK\",\"potentialAction\":[{\"@type\":\"ReadAction\",\"target\":[\"https:\/\/msdprelekarov.sk\/edu\/login\/\"]}]},{\"@type\":\"BreadcrumbList\",\"@id\":\"https:\/\/msdprelekarov.sk\/edu\/login\/#breadcrumb\",\"itemListElement\":[{\"@type\":\"ListItem\",\"position\":1,\"name\":\"Domov\",\"item\":\"https:\/\/msdprelekarov.sk\/edu\/\"},{\"@type\":\"ListItem\",\"position\":2,\"name\":\"Prihl\u00e1senie\"}]},{\"@type\":\"WebSite\",\"@id\":\"https:\/\/msdprelekarov.sk\/edu\/#website\",\"url\":\"https:\/\/msdprelekarov.sk\/edu\/\",\"name\":\"Eduka\u010dn\u00fd port\u00e1l\",\"description\":\"\",\"publisher\":{\"@id\":\"https:\/\/msdprelekarov.sk\/edu\/#organization\"},\"potentialAction\":[{\"@type\":\"SearchAction\",\"target\":{\"@type\":\"EntryPoint\",\"urlTemplate\":\"https:\/\/msdprelekarov.sk\/edu\/?s={search_term_string}\"},\"query-input\":{\"@type\":\"PropertyValueSpecification\",\"valueRequired\":true,\"valueName\":\"search_term_string\"}}],\"inLanguage\":\"sk-SK\"},{\"@type\":\"Organization\",\"@id\":\"https:\/\/msdprelekarov.sk\/edu\/#organization\",\"name\":\"Eduka\u010dn\u00fd port\u00e1l\",\"url\":\"https:\/\/msdprelekarov.sk\/edu\/\",\"logo\":{\"@type\":\"ImageObject\",\"inLanguage\":\"sk-SK\",\"@id\":\"https:\/\/msdprelekarov.sk\/edu\/#\/schema\/logo\/image\/\",\"url\":\"https:\/\/msdprelekarov.sk\/edu\/wp-content\/uploads\/sites\/87\/2026\/03\/cropped-02852_MSD_Logo_Horizontal_TealGrey_RGB-e1773821662338.png\",\"contentUrl\":\"https:\/\/msdprelekarov.sk\/edu\/wp-content\/uploads\/sites\/87\/2026\/03\/cropped-02852_MSD_Logo_Horizontal_TealGrey_RGB-e1773821662338.png\",\"width\":120,\"height\":45,\"caption\":\"Eduka\u010dn\u00fd port\u00e1l\"},\"image\":{\"@id\":\"https:\/\/msdprelekarov.sk\/edu\/#\/schema\/logo\/image\/\"}}]}<\/script>\n<!-- \/ Yoast SEO plugin. -->","yoast_head_json":{"title":"Prihl\u00e1senie - Eduka\u010dn\u00fd port\u00e1l","robots":{"index":"index","follow":"follow","max-snippet":"max-snippet:-1","max-image-preview":"max-image-preview:large","max-video-preview":"max-video-preview:-1"},"canonical":"https:\/\/msdprelekarov.sk\/edu\/login\/","og_locale":"sk_SK","og_type":"article","og_title":"Prihl\u00e1senie - Eduka\u010dn\u00fd port\u00e1l","og_url":"https:\/\/msdprelekarov.sk\/edu\/login\/","og_site_name":"Eduka\u010dn\u00fd port\u00e1l","article_modified_time":"2026-02-09T17:02:15+00:00","twitter_card":"summary_large_image","schema":{"@context":"https:\/\/schema.org","@graph":[{"@type":"WebPage","@id":"https:\/\/msdprelekarov.sk\/edu\/login\/","url":"https:\/\/msdprelekarov.sk\/edu\/login\/","name":"Prihl\u00e1senie - Eduka\u010dn\u00fd port\u00e1l","isPartOf":{"@id":"https:\/\/msdprelekarov.sk\/edu\/#website"},"datePublished":"2022-02-07T16:44:11+00:00","dateModified":"2026-02-09T17:02:15+00:00","breadcrumb":{"@id":"https:\/\/msdprelekarov.sk\/edu\/login\/#breadcrumb"},"inLanguage":"sk-SK","potentialAction":[{"@type":"ReadAction","target":["https:\/\/msdprelekarov.sk\/edu\/login\/"]}]},{"@type":"BreadcrumbList","@id":"https:\/\/msdprelekarov.sk\/edu\/login\/#breadcrumb","itemListElement":[{"@type":"ListItem","position":1,"name":"Domov","item":"https:\/\/msdprelekarov.sk\/edu\/"},{"@type":"ListItem","position":2,"name":"Prihl\u00e1senie"}]},{"@type":"WebSite","@id":"https:\/\/msdprelekarov.sk\/edu\/#website","url":"https:\/\/msdprelekarov.sk\/edu\/","name":"Eduka\u010dn\u00fd port\u00e1l","description":"","publisher":{"@id":"https:\/\/msdprelekarov.sk\/edu\/#organization"},"potentialAction":[{"@type":"SearchAction","target":{"@type":"EntryPoint","urlTemplate":"https:\/\/msdprelekarov.sk\/edu\/?s={search_term_string}"},"query-input":{"@type":"PropertyValueSpecification","valueRequired":true,"valueName":"search_term_string"}}],"inLanguage":"sk-SK"},{"@type":"Organization","@id":"https:\/\/msdprelekarov.sk\/edu\/#organization","name":"Eduka\u010dn\u00fd port\u00e1l","url":"https:\/\/msdprelekarov.sk\/edu\/","logo":{"@type":"ImageObject","inLanguage":"sk-SK","@id":"https:\/\/msdprelekarov.sk\/edu\/#\/schema\/logo\/image\/","url":"https:\/\/msdprelekarov.sk\/edu\/wp-content\/uploads\/sites\/87\/2026\/03\/cropped-02852_MSD_Logo_Horizontal_TealGrey_RGB-e1773821662338.png","contentUrl":"https:\/\/msdprelekarov.sk\/edu\/wp-content\/uploads\/sites\/87\/2026\/03\/cropped-02852_MSD_Logo_Horizontal_TealGrey_RGB-e1773821662338.png","width":120,"height":45,"caption":"Eduka\u010dn\u00fd port\u00e1l"},"image":{"@id":"https:\/\/msdprelekarov.sk\/edu\/#\/schema\/logo\/image\/"}}]}},"_links":{"self":[{"href":"https:\/\/msdprelekarov.sk\/edu\/wp-json\/wp\/v2\/pages\/3","targetHints":{"allow":["GET"]}}],"collection":[{"href":"https:\/\/msdprelekarov.sk\/edu\/wp-json\/wp\/v2\/pages"}],"about":[{"href":"https:\/\/msdprelekarov.sk\/edu\/wp-json\/wp\/v2\/types\/page"}],"author":[{"embeddable":true,"href":"https:\/\/msdprelekarov.sk\/edu\/wp-json\/wp\/v2\/users\/1909"}],"replies":[{"embeddable":true,"href":"https:\/\/msdprelekarov.sk\/edu\/wp-json\/wp\/v2\/comments?post=3"}],"version-history":[{"count":2,"href":"https:\/\/msdprelekarov.sk\/edu\/wp-json\/wp\/v2\/pages\/3\/revisions"}],"predecessor-version":[{"id":12069,"href":"https:\/\/msdprelekarov.sk\/edu\/wp-json\/wp\/v2\/pages\/3\/revisions\/12069"}],"wp:attachment":[{"href":"https:\/\/msdprelekarov.sk\/edu\/wp-json\/wp\/v2\/media?parent=3"}],"wp:term":[{"taxonomy":"category","embeddable":true,"href":"https:\/\/msdprelekarov.sk\/edu\/wp-json\/wp\/v2\/categories?post=3"},{"taxonomy":"post_tag","embeddable":true,"href":"https:\/\/msdprelekarov.sk\/edu\/wp-json\/wp\/v2\/tags?post=3"},{"taxonomy":"ga4_page_audience","embeddable":true,"href":"https:\/\/msdprelekarov.sk\/edu\/wp-json\/wp\/v2\/ga4_page_audience?post=3"},{"taxonomy":"ga4_page_birn_id","embeddable":true,"href":"https:\/\/msdprelekarov.sk\/edu\/wp-json\/wp\/v2\/ga4_page_birn_id?post=3"},{"taxonomy":"ga4_page_branding","embeddable":true,"href":"https:\/\/msdprelekarov.sk\/edu\/wp-json\/wp\/v2\/ga4_page_branding?post=3"},{"taxonomy":"ga4_page_businessunit","embeddable":true,"href":"https:\/\/msdprelekarov.sk\/edu\/wp-json\/wp\/v2\/ga4_page_businessunit?post=3"},{"taxonomy":"ga4_page_campaign","embeddable":true,"href":"https:\/\/msdprelekarov.sk\/edu\/wp-json\/wp\/v2\/ga4_page_campaign?post=3"},{"taxonomy":"ga4_page_content_purpose","embeddable":true,"href":"https:\/\/msdprelekarov.sk\/edu\/wp-json\/wp\/v2\/ga4_page_content_purpose?post=3"},{"taxonomy":"ga4_page_customer_journey_stage","embeddable":true,"href":"https:\/\/msdprelekarov.sk\/edu\/wp-json\/wp\/v2\/ga4_page_customer_journey_stage?post=3"},{"taxonomy":"ga4_page_customer_specialty","embeddable":true,"href":"https:\/\/msdprelekarov.sk\/edu\/wp-json\/wp\/v2\/ga4_page_customer_specialty?post=3"},{"taxonomy":"ga4_page_experience","embeddable":true,"href":"https:\/\/msdprelekarov.sk\/edu\/wp-json\/wp\/v2\/ga4_page_experience?post=3"},{"taxonomy":"ga4_page_indication","embeddable":true,"href":"https:\/\/msdprelekarov.sk\/edu\/wp-json\/wp\/v2\/ga4_page_indication?post=3"},{"taxonomy":"ga4_page_material_intent","embeddable":true,"href":"https:\/\/msdprelekarov.sk\/edu\/wp-json\/wp\/v2\/ga4_page_material_intent?post=3"},{"taxonomy":"ga4_page_product","embeddable":true,"href":"https:\/\/msdprelekarov.sk\/edu\/wp-json\/wp\/v2\/ga4_page_product?post=3"},{"taxonomy":"ga4_page_region","embeddable":true,"href":"https:\/\/msdprelekarov.sk\/edu\/wp-json\/wp\/v2\/ga4_page_region?post=3"},{"taxonomy":"ga4_page_therapeuticarea","embeddable":true,"href":"https:\/\/msdprelekarov.sk\/edu\/wp-json\/wp\/v2\/ga4_page_therapeuticarea?post=3"},{"taxonomy":"tx-therapeutic-area","embeddable":true,"href":"https:\/\/msdprelekarov.sk\/edu\/wp-json\/wp\/v2\/tx-therapeutic-area?post=3"},{"taxonomy":"tx-product","embeddable":true,"href":"https:\/\/msdprelekarov.sk\/edu\/wp-json\/wp\/v2\/tx-product?post=3"},{"taxonomy":"tx-pathology","embeddable":true,"href":"https:\/\/msdprelekarov.sk\/edu\/wp-json\/wp\/v2\/tx-pathology?post=3"},{"taxonomy":"tx-content-type","embeddable":true,"href":"https:\/\/msdprelekarov.sk\/edu\/wp-json\/wp\/v2\/tx-content-type?post=3"},{"taxonomy":"tx-active-ingredient","embeddable":true,"href":"https:\/\/msdprelekarov.sk\/edu\/wp-json\/wp\/v2\/tx-active-ingredient?post=3"},{"taxonomy":"mhh-area-of-interest","embeddable":true,"href":"https:\/\/msdprelekarov.sk\/edu\/wp-json\/wp\/v2\/mhh-area-of-interest?post=3"},{"taxonomy":"access","embeddable":true,"href":"https:\/\/msdprelekarov.sk\/edu\/wp-json\/wp\/v2\/access?post=3"},{"taxonomy":"user_status","embeddable":true,"href":"https:\/\/msdprelekarov.sk\/edu\/wp-json\/wp\/v2\/user_status?post=3"},{"taxonomy":"user_role","embeddable":true,"href":"https:\/\/msdprelekarov.sk\/edu\/wp-json\/wp\/v2\/user_role?post=3"}],"curies":[{"name":"wp","href":"https:\/\/api.w.org\/{rel}","templated":true}]}}